{"id":165,"date":"2020-05-10T10:49:53","date_gmt":"2020-05-10T08:49:53","guid":{"rendered":"http:\/\/hiutakc.cluster028.hosting.ovh.net\/?page_id=165"},"modified":"2020-05-10T14:11:40","modified_gmt":"2020-05-10T12:11:40","slug":"maintenance-la-courbe-abc","status":"publish","type":"page","link":"https:\/\/pamo.ovh\/index.php\/maintenance\/maintenance-mse-1\/maintenance-la-courbe-abc\/","title":{"rendered":"Maintenance : la courbe ABC"},"content":{"rendered":"\n<p>La courbe ABC repr\u00e9sente les valeurs cumul\u00e9es, en pourcentage, de l&rsquo;indicateur choisi. <\/p>\n\n\n\n<p>Comme pour le diagramme de Pareto, les \u00e9l\u00e9ments \u00e0 comparer sont class\u00e9s du plus p\u00e9nalisant au moins p\u00e9nalisant selon l&rsquo;indicateur choisi.<\/p>\n\n\n\n<p><\/p>\n\n\n\n<h3 class=\"wp-block-heading\"><span style=\"color:#02188a\" class=\"has-inline-color\">Pr\u00e9paration des donn\u00e9es : le tableau<\/span><\/h3>\n\n\n\n<p>Reprenons l&rsquo;exemple du cours. A partir de l&rsquo;historique des interventions, on peut \u00e9tablir le tableau ci-dessous, dans lequel figure l&rsquo;indicateur de disponibilit\u00e9, c&rsquo;est-\u00e0-dire la dur\u00e9e totale d&rsquo;intervention pour chaque groupe de composants.<\/p>\n\n\n\n<figure class=\"wp-block-table\"><table><tbody><tr><td>Cat\u00e9gorie<\/td><td><strong>Dur\u00e9e totale d\u2019intervention<\/strong> (h)<\/td><td><strong>Dur\u00e9e totale cumul\u00e9e<\/strong> (h)<\/td><td><strong>% cumul\u00e9s<\/strong><\/td><\/tr><tr><td><strong>Dents<\/strong><\/td><td><strong>12,5<\/strong><\/td><td><\/td><td><\/td><\/tr><tr><td><strong>Comp. Hydrau<\/strong><\/td><td><strong>9,5<\/strong><\/td><td><\/td><td><\/td><\/tr><tr><td><strong>Comp. \u00c9lec<\/strong><\/td><td><strong>8,75<\/strong><\/td><td><\/td><td><\/td><\/tr><tr><td><strong>Freins<\/strong><\/td><td><strong>6<\/strong><\/td><td><\/td><td><\/td><\/tr><tr><td><strong>Autres<\/strong><\/td><td><strong>4,5<\/strong><\/td><td><\/td><td><\/td><\/tr><tr><td><strong>Galets<\/strong><\/td><td><strong>4<\/strong><\/td><td><\/td><td><\/td><\/tr><\/tbody><\/table><\/figure>\n\n\n\n<p>A partir de ce tableau, on peut tracer le diagramme de Pareto<\/p>\n\n\n\n<p>Mais pour tracer la courbe ABC, il va falloir calculer les dur\u00e9es cumul\u00e9es puis les pourcentages correspondants.<\/p>\n\n\n\n<p>Commen\u00e7ons par les dur\u00e9es cumul\u00e9es. Pour la 1<sup>\u00e8re<\/sup> ligne, nous reportons la valeur de la dur\u00e9e totale d&rsquo;intervention des dents : 12,5 h.<\/p>\n\n\n\n<p>Pour la 2<sup>\u00e8me<\/sup> ligne, la dur\u00e9e cumul\u00e9e comprend la dur\u00e9e relative aux dents (12,5 h) et la dur\u00e9e relative aux composants hydrauliques (9,5h) soit 12,5+9,5 = 22 h.<\/p>\n\n\n\n<p>Pour la 3<sup>\u00e8me<\/sup> ligne, la dur\u00e9e cumul\u00e9e comprend la dur\u00e9e relative aux dents (12,5 h), la dur\u00e9e relative aux composants hydraulique (9,5h) et la dur\u00e9e relative aux composants \u00e9lectriques (8,75 h) soit 12,5+9,5+8,75 = 30,75 h. Remarquons qu&rsquo;il suffit de rajouter au r\u00e9sultat pr\u00e9c\u00e9dent (22 h) la dur\u00e9e relative aux composants \u00e9lectriques (8,75 h) soit 22+8,75 = 30,75 h.<\/p>\n\n\n\n<p>Pour la derni\u00e8re ligne, la dur\u00e9e cumul\u00e9e comprend les dur\u00e9es de tous les composants, soit 45,25 h). On obtient donc :<\/p>\n\n\n\n<figure class=\"wp-block-table\"><table><tbody><tr><td>Cat\u00e9gorie<\/td><td><strong>Dur\u00e9e totale d\u2019intervention<\/strong> (h)<\/td><td><strong>Dur\u00e9e totale cumul\u00e9e<\/strong> (h)<\/td><td><strong>% cumul\u00e9s<\/strong><\/td><\/tr><tr><td><strong>Dents<\/strong><\/td><td><strong>12,5<\/strong><\/td><td>12,5<\/td><td><\/td><\/tr><tr><td><strong>Comp. Hydrau<\/strong><\/td><td><strong>9,5<\/strong><\/td><td>22<\/td><td><\/td><\/tr><tr><td><strong>Comp. \u00c9lec<\/strong><\/td><td><strong>8,75<\/strong><\/td><td>30,75<\/td><td><\/td><\/tr><tr><td><strong>Freins<\/strong><\/td><td><strong>6<\/strong><\/td><td>36,75<\/td><td><\/td><\/tr><tr><td><strong>Autres<\/strong><\/td><td><strong>4,5<\/strong><\/td><td>41,25<\/td><td><\/td><\/tr><tr><td><strong>Galets<\/strong><\/td><td><strong>4<\/strong><\/td><td>45,25<\/td><td><\/td><\/tr><tr><td>Total<\/td><td>45,25<\/td><td><\/td><td><\/td><\/tr><\/tbody><\/table><\/figure>\n\n\n\n<p>Nous allons maintenant remplir la derni\u00e8re colonne : le pourcentage cumul\u00e9. Nous connaissons la dur\u00e9e totale d&rsquo;intervention : 45,25 h. Il s&rsquo;agit maintenant de calculer, pour chaque dur\u00e9e totale cumul\u00e9e, le pourcentage que cela repr\u00e9sente.<\/p>\n\n\n\n<p>Pour la 1<sup>\u00e8re<\/sup> ligne, nous obtenons : (12,5 \/ 45,25) <font face=\"Arial\">x<\/font> 100 = 27,6 %<\/p>\n\n\n\n<p>Pour la 2<sup>\u00e8me<\/sup> ligne, nous obtenons : (22 \/ 45,25) x 100 = 48,6 %<\/p>\n\n\n\n<p>Pour la derni\u00e8re ligne, nous obtenons : (45,25 \/ 45,25) x 100 = 100 %<\/p>\n\n\n\n<figure class=\"wp-block-table\"><table><tbody><tr><td>Cat\u00e9gorie<\/td><td><strong>Dur\u00e9e totale d\u2019intervention<\/strong> (h)<\/td><td><strong>Dur\u00e9e totale cumul\u00e9e<\/strong> (h)<\/td><td><strong>% cumul\u00e9s<\/strong><\/td><\/tr><tr><td><strong>Dents<\/strong><\/td><td><strong>12,5<\/strong><\/td><td>12,5<\/td><td>27,6<\/td><\/tr><tr><td><strong>Comp. Hydrau<\/strong><\/td><td><strong>9,5<\/strong><\/td><td>22<\/td><td>48,6<\/td><\/tr><tr><td><strong>Comp. \u00c9lec<\/strong><\/td><td><strong>8,75<\/strong><\/td><td>30,75<\/td><td>68<\/td><\/tr><tr><td><strong>Freins<\/strong><\/td><td><strong>6<\/strong><\/td><td>36,75<\/td><td>81,2<\/td><\/tr><tr><td><strong>Autres<\/strong><\/td><td><strong>4,5<\/strong><\/td><td>41,25<\/td><td>91,2<\/td><\/tr><tr><td><strong>Galets<\/strong><\/td><td><strong>4<\/strong><\/td><td><span class=\"has-inline-color has-bright-red-color\"><strong>45,25<\/strong><\/span><\/td><td>100<\/td><\/tr><tr><td>Total<\/td><td><span class=\"has-inline-color has-bright-red-color\"><strong>45,25<\/strong><\/span><\/td><td><\/td><td><\/td><\/tr><\/tbody><\/table><\/figure>\n\n\n\n<p><strong><span class=\"has-inline-color has-bright-red-color\">On obtient forc\u00e9ment 100 % pour le dernier groupe de composants.<\/span><\/strong><\/p>\n\n\n\n<p><\/p>\n\n\n\n<h3 class=\"wp-block-heading\"><span data-darkreader-inline-color=\"\" style=\"color: rgb(2, 24, 138); --darkreader-inline-color:#142162;\" class=\"has-inline-color\">Trac\u00e9 de la courb<\/span><span style=\"color:#02188a\" class=\"has-inline-color\">e<\/span><\/h3>\n\n\n\n<p>Nous pouvons maintenant tracer la courbe :<\/p>\n\n\n\n<p class=\"has-text-align-center\"><strong><span class=\"has-inline-color has-bright-blue-color\">Courbe ABC des dur\u00e9es d&rsquo;intervention : indicateur de disponibilit\u00e9<\/span><\/strong><\/p>\n\n\n\n<figure class=\"wp-block-image size-large\"><img loading=\"lazy\" decoding=\"async\" width=\"1024\" height=\"722\" src=\"http:\/\/hiutakc.cluster028.hosting.ovh.net\/wp-content\/uploads\/2020\/05\/courbe-ABC-1-1024x722.png\" alt=\"\" class=\"wp-image-168\" srcset=\"https:\/\/pamo.ovh\/wp-content\/uploads\/2020\/05\/courbe-ABC-1-1024x722.png 1024w, https:\/\/pamo.ovh\/wp-content\/uploads\/2020\/05\/courbe-ABC-1-300x212.png 300w, https:\/\/pamo.ovh\/wp-content\/uploads\/2020\/05\/courbe-ABC-1-768x542.png 768w, https:\/\/pamo.ovh\/wp-content\/uploads\/2020\/05\/courbe-ABC-1.png 1041w\" sizes=\"auto, (max-width: 1024px) 100vw, 1024px\" \/><\/figure>\n\n\n\n<p>On constate que cette courbe part de 0 et augmente progressivement jusqu&rsquo;\u00e0 atteindre 100 % pour le dernier groupe de composants : les galets.<\/p>\n\n\n\n<p><\/p>\n\n\n\n<h3 class=\"wp-block-heading\"><span data-darkreader-inline-color=\"\" style=\"color: rgb(2, 24, 138); --darkreader-inline-color:#142162;\" class=\"has-inline-color\">Mise en place des zones ABC<\/span><\/h3>\n\n\n\n<p>Les zones ABC sont tr\u00e8s faciles \u00e0 d\u00e9terminer si l&rsquo;on peut identifier trois zones :<\/p>\n\n\n\n<p>Zone A : elle concerne les composants qui sont tr\u00e8s p\u00e9nalisants.<\/p>\n\n\n\n<p> Zone B : elle concerne les composants qui sont moyennement p\u00e9nalisants<\/p>\n\n\n\n<p> Zone C : elle concerne les composants qui sont peu p\u00e9nalisants<\/p>\n\n\n\n<p>Dans la pratique, ce n&rsquo;est pas toujours le cas. Ainsi, pour le cas de l&rsquo;exemple, on ne distingue pas des variations de pentes importantes sur la courbe. Dans ce cas, il est plus simple d&rsquo;observer les valeurs<strong> non cumul\u00e9es<\/strong> du tableau. On peut ainsi d\u00e9terminer les groupes de composants de chacune des zones :<\/p>\n\n\n\n<p>Zone A : les dents (12,5h), les composants hydrauliques (9,5 h) et les composants \u00e9lectriques (8,75 h)<\/p>\n\n\n\n<p>Zone B : les freins (6 h)<\/p>\n\n\n\n<p>Zone C  : les composants \u00ab\u00a0autres\u00a0\u00bb (4,5 h) et les galets (4h) <\/p>\n\n\n\n<figure class=\"wp-block-image size-large\"><img loading=\"lazy\" decoding=\"async\" width=\"1024\" height=\"726\" src=\"http:\/\/hiutakc.cluster028.hosting.ovh.net\/wp-content\/uploads\/2020\/05\/courbe-ABC-zones-1024x726.png\" alt=\"\" class=\"wp-image-174\" srcset=\"https:\/\/pamo.ovh\/wp-content\/uploads\/2020\/05\/courbe-ABC-zones-1024x726.png 1024w, https:\/\/pamo.ovh\/wp-content\/uploads\/2020\/05\/courbe-ABC-zones-300x213.png 300w, https:\/\/pamo.ovh\/wp-content\/uploads\/2020\/05\/courbe-ABC-zones-768x544.png 768w, https:\/\/pamo.ovh\/wp-content\/uploads\/2020\/05\/courbe-ABC-zones.png 1041w\" sizes=\"auto, (max-width: 1024px) 100vw, 1024px\" \/><\/figure>\n\n\n\n<p><strong>Remarques<\/strong>.\u2013 Il y a assez souvent diff\u00e9rentes mani\u00e8res de choisir les zones. Il faut cependant veiller \u00e0 ce que des composants pour lesquelles les valeurs de l&rsquo;indicateur sont \u00e9gales ou tr\u00e8s proches ne soient pas dans des zones diff\u00e9rentes.<\/p>\n\n\n\n<p><\/p>\n","protected":false},"excerpt":{"rendered":"<p>La courbe ABC repr\u00e9sente les valeurs cumul\u00e9es, en pourcentage, de l&rsquo;indicateur choisi. Comme pour le diagramme de Pareto, les \u00e9l\u00e9ments \u00e0 comparer sont class\u00e9s du plus p\u00e9nalisant au moins p\u00e9nalisant selon l&rsquo;indicateur choisi. Pr\u00e9paration des donn\u00e9es : le tableau Reprenons l&rsquo;exemple du cours. A partir de l&rsquo;historique des interventions, on peut \u00e9tablir le tableau ci-dessous,<\/p>\n<footer class=\"entry-footer index-entry\">\n<div class=\"post-social pull-left\"><a href=\"https:\/\/www.facebook.com\/sharer\/sharer.php?u=https%3A%2F%2Fpamo.ovh%2Findex.php%2Fmaintenance%2Fmaintenance-mse-1%2Fmaintenance-la-courbe-abc%2F\" target=\"_blank\" class=\"social-icons\"><i class=\"fa fa-facebook\" aria-hidden=\"true\"><\/i><\/a><a href=\"https:\/\/twitter.com\/home?status=https%3A%2F%2Fpamo.ovh%2Findex.php%2Fmaintenance%2Fmaintenance-mse-1%2Fmaintenance-la-courbe-abc%2F\" target=\"_blank\" class=\"social-icons\"><i class=\"fa fa-twitter\" aria-hidden=\"true\"><\/i><\/a><a href=\"https:\/\/www.linkedin.com\/shareArticle?mini=true&#038;url=https%3A%2F%2Fpamo.ovh%2Findex.php%2Fmaintenance%2Fmaintenance-mse-1%2Fmaintenance-la-courbe-abc%2F&#038;title=Maintenance+%3A+la+courbe+ABC\" target=\"_blank\" class=\"social-icons\"><i class=\"fa fa-linkedin\" aria-hidden=\"true\"><\/i><\/a><\/div>\n<p class=\"link-more\"><a href=\"https:\/\/pamo.ovh\/index.php\/maintenance\/maintenance-mse-1\/maintenance-la-courbe-abc\/\" class=\"more-link\">Continue reading <span class=\"meta-nav\">\u2192<\/span><\/a><\/p>\n<\/footer>\n","protected":false},"author":1,"featured_media":0,"parent":82,"menu_order":0,"comment_status":"closed","ping_status":"closed","template":"","meta":{"kt_blocks_editor_width":"","footnotes":""},"class_list":["post-165","page","type-page","status-publish","hentry"],"_links":{"self":[{"href":"https:\/\/pamo.ovh\/index.php\/wp-json\/wp\/v2\/pages\/165","targetHints":{"allow":["GET"]}}],"collection":[{"href":"https:\/\/pamo.ovh\/index.php\/wp-json\/wp\/v2\/pages"}],"about":[{"href":"https:\/\/pamo.ovh\/index.php\/wp-json\/wp\/v2\/types\/page"}],"author":[{"embeddable":true,"href":"https:\/\/pamo.ovh\/index.php\/wp-json\/wp\/v2\/users\/1"}],"replies":[{"embeddable":true,"href":"https:\/\/pamo.ovh\/index.php\/wp-json\/wp\/v2\/comments?post=165"}],"version-history":[{"count":7,"href":"https:\/\/pamo.ovh\/index.php\/wp-json\/wp\/v2\/pages\/165\/revisions"}],"predecessor-version":[{"id":184,"href":"https:\/\/pamo.ovh\/index.php\/wp-json\/wp\/v2\/pages\/165\/revisions\/184"}],"up":[{"embeddable":true,"href":"https:\/\/pamo.ovh\/index.php\/wp-json\/wp\/v2\/pages\/82"}],"wp:attachment":[{"href":"https:\/\/pamo.ovh\/index.php\/wp-json\/wp\/v2\/media?parent=165"}],"curies":[{"name":"wp","href":"https:\/\/api.w.org\/{rel}","templated":true}]}}